{"id":45,"date":"2023-11-19T22:34:00","date_gmt":"2023-11-20T01:34:00","guid":{"rendered":"https:\/\/be.med.br\/?post_type=product&#038;p=45"},"modified":"2024-03-02T08:30:44","modified_gmt":"2024-03-02T11:30:44","slug":"consulta-medica","status":"publish","type":"product","link":"https:\/\/be.med.br\/?product=consulta-medica","title":{"rendered":"Consulta Medica"},"content":{"rendered":"<p>Consulta Medica com estimada de aproximadamente 15 minutos ou mais onde voc\u00ea podera sanar suas duvidar, receber um diagnostico medico, iniciar uma investiga\u00e7\u00e3o, fazer solicita\u00e7\u00e3o de exames, receber receitas medicas <\/p>\n","protected":false},"excerpt":{"rendered":"<p>Consulta Medica com estimada de aproximadamente 15 minutos ou mais onde voc\u00ea podera sanar suas duvidar, receber um diagnostico medico, iniciar uma investiga\u00e7\u00e3o, fazer solicita\u00e7\u00e3o de exames, receber receitas medicas<\/p>\n","protected":false},"featured_media":46,"comment_status":"open","ping_status":"closed","template":"","meta":{"om_disable_all_campaigns":false,"_monsterinsights_skip_tracking":false,"_monsterinsights_sitenote_active":false,"_monsterinsights_sitenote_note":"","_monsterinsights_sitenote_category":0,"_uf_show_specific_survey":0,"_uf_disable_surveys":false,"site-sidebar-layout":"default","site-content-layout":"","ast-site-content-layout":"default","site-content-style":"default","site-sidebar-style":"default","ast-global-header-display":"","ast-banner-title-visibility":"","ast-main-header-display":"","ast-hfb-above-header-display":"","ast-hfb-below-header-display":"","ast-hfb-mobile-header-display":"","site-post-title":"","ast-breadcrumbs-content":"","ast-featured-img":"","footer-sml-layout":"","theme-transparent-header-meta":"default","adv-header-id-meta":"","stick-header-meta":"","header-above-stick-meta":"","header-main-stick-meta":"","header-below-stick-meta":"","astra-migrate-meta-layouts":"set","ast-page-background-enabled":"default","ast-page-background-meta":{"desktop":{"background-color":"var(--ast-global-color-4)","background-image":"","background-repeat":"repeat","background-position":"center center","background-size":"auto","background-attachment":"scroll","background-type":"","background-media":"","overlay-type":"","overlay-color":"","overlay-gradient":""},"tablet":{"background-color":"","background-image":"","background-repeat":"repeat","background-position":"center center","background-size":"auto","background-attachment":"scroll","background-type":"","background-media":"","overlay-type":"","overlay-color":"","overlay-gradient":""},"mobile":{"background-color":"","background-image":"","background-repeat":"repeat","background-position":"center center","background-size":"auto","background-attachment":"scroll","background-type":"","background-media":"","overlay-type":"","overlay-color":"","overlay-gradient":""}},"ast-content-background-meta":{"desktop":{"background-color":"var(--ast-global-color-5)","background-image":"","background-repeat":"repeat","background-position":"center center","background-size":"auto","background-attachment":"scroll","background-type":"","background-media":"","overlay-type":"","overlay-color":"","overlay-gradient":""},"tablet":{"background-color":"var(--ast-global-color-5)","background-image":"","background-repeat":"repeat","background-position":"center center","background-size":"auto","background-attachment":"scroll","background-type":"","background-media":"","overlay-type":"","overlay-color":"","overlay-gradient":""},"mobile":{"background-color":"var(--ast-global-color-5)","background-image":"","background-repeat":"repeat","background-position":"center center","background-size":"auto","background-attachment":"scroll","background-type":"","background-media":"","overlay-type":"","overlay-color":"","overlay-gradient":""}}},"product_cat":[15],"product_tag":[24,23,22,25,26,21],"aioseo_notices":[],"_links":{"self":[{"href":"https:\/\/be.med.br\/index.php?rest_route=\/wp\/v2\/product\/45"}],"collection":[{"href":"https:\/\/be.med.br\/index.php?rest_route=\/wp\/v2\/product"}],"about":[{"href":"https:\/\/be.med.br\/index.php?rest_route=\/wp\/v2\/types\/product"}],"replies":[{"embeddable":true,"href":"https:\/\/be.med.br\/index.php?rest_route=%2Fwp%2Fv2%2Fcomments&post=45"}],"wp:featuredmedia":[{"embeddable":true,"href":"https:\/\/be.med.br\/index.php?rest_route=\/wp\/v2\/media\/46"}],"wp:attachment":[{"href":"https:\/\/be.med.br\/index.php?rest_route=%2Fwp%2Fv2%2Fmedia&parent=45"}],"wp:term":[{"taxonomy":"product_cat","embeddable":true,"href":"https:\/\/be.med.br\/index.php?rest_route=%2Fwp%2Fv2%2Fproduct_cat&post=45"},{"taxonomy":"product_tag","embeddable":true,"href":"https:\/\/be.med.br\/index.php?rest_route=%2Fwp%2Fv2%2Fproduct_tag&post=45"}],"curies":[{"name":"wp","href":"https:\/\/api.w.org\/{rel}","templated":true}]}}