{"id":11,"date":"2023-11-17T12:00:16","date_gmt":"2023-11-17T15:00:16","guid":{"rendered":"https:\/\/be.med.br\/?page_id=11"},"modified":"2024-05-12T05:41:59","modified_gmt":"2024-05-12T08:41:59","slug":"sobre","status":"publish","type":"page","link":"https:\/\/be.med.br\/","title":{"rendered":"Conhe\u00e7a a BeMed e o que ela faz"},"content":{"rendered":"\n<p>A BeMed \u00e9 uma Startup disruptiva que surgiu para revolucionar a presta\u00e7\u00e3o de cuidados a Sa\u00fade.<\/p>\n\n\n\n<p>Somos um empresa que pensa no Cliente e elevamos a qualidade de atendimento ao nivel maximo afim de solucionar aqueles problemas que geram muitos transtornos no seu dia a dia e que poderiam ser rapidamente solucionados com alguns minutos de conversa com seu medico ou profissional de Sa\u00fade<\/p>\n\n\n\n<p>A BeMed \u00e9 uma solu\u00e7\u00e3o completa para cuidar da sa\u00fade dos colaboradores e funcionarios da sua empresa. Oferecemos um servi\u00e7o que vai muito alem das obriga\u00e7\u00f5es de medicina do trabalho, oferecemos uma solu\u00e7\u00e3o unica de cuidado e assistencia para voc\u00ea ou sua empresa<\/p>\n\n\n\n<div class=\"wp-block-columns alignwide is-layout-flex wp-container-core-columns-layout-1 wp-block-columns-is-layout-flex\">\n<div class=\"wp-block-column has-white-color has-ast-global-color-0-background-color has-text-color has-background has-link-color has-medium-font-size wp-elements-b13bdf41e220aee486a8d220af3d3651 is-layout-flow wp-container-core-column-layout-1 wp-block-column-is-layout-flow\" style=\"border-style:none;border-width:0px;font-style:normal;font-weight:500\">\n<h2 class=\"wp-block-heading has-text-align-center has-ast-global-color-5-color has-text-color has-link-color wp-elements-5254ff0e9617534094103f19f73f2895\" style=\"text-transform:uppercase\">BeWork<\/h2>\n\n\n\n<h3 class=\"wp-block-heading has-text-align-center has-ast-global-color-5-color has-text-color has-link-color wp-elements-d12a3b1776fa7b6caf8f3d7fd87ad18c\" style=\"padding-right:var(--wp--preset--spacing--20);padding-left:var(--wp--preset--spacing--20)\">Medicina do trabalho<\/h3>\n\n\n\n<h4 class=\"wp-block-heading has-ast-global-color-5-color has-text-color has-link-color wp-elements-3ebcbccc72af58c72baff3a24e64a662\">Exames Admissionais<\/h4>\n\n\n\n<h4 class=\"wp-block-heading has-ast-global-color-5-color has-text-color has-link-color wp-elements-211e37ac1531790ef7a8b6afdf9bb43d\">Periodicos<\/h4>\n\n\n\n<h4 class=\"wp-block-heading has-ast-global-color-5-color has-text-color has-link-color wp-elements-c3c7105b7fdf613e9fbfe9ac01f1895c\">Demissionais<\/h4>\n\n\n\n<h4 class=\"wp-block-heading has-ast-global-color-5-color has-text-color has-link-color wp-elements-915ab2840e1d9c47b04ca8c22c14a937\">Telemedicina<\/h4>\n\n\n\n<h4 class=\"wp-block-heading has-ast-global-color-5-color has-text-color has-link-color wp-elements-566088a1b9c0914f9d408e2d85527fe1\">Cabines de Avalia\u00e7\u00e3o<\/h4>\n\n\n\n<h4 class=\"wp-block-heading has-ast-global-color-5-color has-text-color has-link-color wp-elements-495d39a2af52656f050e0e265267bec4\">Seguran\u00e7a do Trabalho<\/h4>\n<\/div>\n\n\n\n<div class=\"wp-block-column has-ast-global-color-5-color has-ast-global-color-0-background-color has-text-color has-background has-link-color has-medium-font-size wp-elements-78fb2ee96d567dbdb2f4ab4f41520bf9 is-layout-flow wp-block-column-is-layout-flow\">\n<h2 class=\"wp-block-heading has-text-align-center has-ast-global-color-5-color has-text-color has-link-color wp-elements-d2a600244be8eaba66b9f8cdb30dbe69\">BeMed<\/h2>\n\n\n\n<h3 class=\"wp-block-heading has-text-align-center has-ast-global-color-5-color has-text-color has-link-color wp-elements-6afc7a8fb651e110a24e197b402ad3ab\" style=\"padding-right:var(--wp--preset--spacing--20);padding-left:var(--wp--preset--spacing--20)\">Teleconsultas<\/h3>\n\n\n\n<p class=\"has-ast-global-color-5-color has-text-color has-link-color wp-elements-54f9ed82459cc57eb131288046b45026\">  Solu\u00e7\u00f5es simples para problemas complexos<\/p>\n\n\n\n<p class=\"has-ast-global-color-5-color has-text-color has-link-color wp-elements-0b1cb52dedc6e0ad3d1be0424b46a935\" style=\"padding-right:var(--wp--preset--spacing--20);padding-left:var(--wp--preset--spacing--20)\"> Sabe aqueles dias que voc\u00ea n\u00e3o acorda se sentindo bem ou come\u00e7a a passar mal durante o dia?<\/p>\n\n\n\n<p class=\"has-ast-global-color-5-color has-text-color has-link-color wp-elements-a52d3fd7c53b3434c8da0c9acb002712\" style=\"padding-right:var(--wp--preset--spacing--20);padding-left:var(--wp--preset--spacing--20)\"> A BeMed \u00e9 a solu\u00e7\u00e3o ideal para esses problemas,  tenha sempre um medico pronto para te atender no momento que voc\u00ea precisar e em qualquer local que voc\u00ea estiver<\/p>\n\n\n\n<p class=\"has-ast-global-color-5-color has-text-color has-link-color wp-elements-bd1e015d3893a9d5c694a0ab6a781d13\" style=\"padding-right:var(--wp--preset--spacing--20);padding-left:var(--wp--preset--spacing--20)\"> Facilitar o seu dia a dia,isso sim \u00e9 ser BeMed<\/p>\n<\/div>\n<\/div>\n\n\n\n<p><\/p>\n\n\n\n<p><\/p>\n\n\n\n<div class=\"wp-block-columns is-layout-flex wp-container-core-columns-layout-2 wp-block-columns-is-layout-flex\">\n<div class=\"wp-block-column has-pale-cyan-blue-background-color has-background is-layout-constrained wp-block-column-is-layout-constrained\">\n<h2 class=\"wp-block-heading has-text-align-center has-x-large-font-size\" style=\"font-style:normal;font-weight:500\">B\u00e1sico<\/h2>\n\n\n\n<p style=\"margin-right:0;margin-left:0;padding-right:var(--wp--preset--spacing--30);padding-left:var(--wp--preset--spacing--30)\">O Plano B\u00e1sico conta com Atendimento em Medicina do trabalho e envio das Obriga\u00e7\u00f5es junto ao Minist\u00e9rio do Trabalho e envio das informa\u00e7\u00f5es do E-Social<\/p>\n\n\n\n<p><\/p>\n<\/div>\n\n\n\n<div class=\"wp-block-column has-light-green-cyan-background-color has-background is-layout-flow wp-block-column-is-layout-flow\">\n<h2 class=\"wp-block-heading has-text-align-center has-large-font-size\">Avan\u00e7ado<\/h2>\n\n\n\n<p style=\"margin-right:var(--wp--preset--spacing--20);margin-left:var(--wp--preset--spacing--20)\">Todas os servi\u00e7os do plano B\u00e1sico e mais:<\/p>\n\n\n\n<p style=\"margin-right:var(--wp--preset--spacing--20);margin-left:var(--wp--preset--spacing--20)\">Teleatendimento 24h<\/p>\n\n\n\n<p style=\"margin-right:var(--wp--preset--spacing--30);margin-left:var(--wp--preset--spacing--30)\">Coleta de Exames no local de trabalho<\/p>\n\n\n\n<h2 class=\"wp-block-heading has-text-align-center\"><\/h2>\n<\/div>\n\n\n\n<div class=\"wp-block-column has-cyan-bluish-gray-background-color has-background is-layout-flow wp-block-column-is-layout-flow\">\n<h2 class=\"wp-block-heading has-text-align-center has-x-large-font-size\">Premium<\/h2>\n\n\n\n<p style=\"padding-right:var(--wp--preset--spacing--30);padding-left:var(--wp--preset--spacing--30)\">Todos os Beneficos do plano Avan\u00e7ado e mais:<\/p>\n\n\n\n<p class=\"has-text-align-left\" style=\"padding-right:var(--wp--preset--spacing--40);padding-left:var(--wp--preset--spacing--40)\">Exames necess\u00e1rios na medicina do Trabalho sem custos extras<\/p>\n\n\n\n<h2 class=\"wp-block-heading has-text-align-center\" style=\"padding-top:var(--wp--preset--spacing--40);padding-bottom:var(--wp--preset--spacing--40)\"><\/h2>\n<\/div>\n<\/div>\n\n\n\n<p><\/p>\n\n\n\n<figure class=\"wp-block-video\"><\/figure>\n\n\n\n<p><\/p>\n","protected":false},"excerpt":{"rendered":"<p>A BeMed \u00e9 uma Startup disruptiva que surgiu para revolucionar a presta\u00e7\u00e3o de cuidados a Sa\u00fade. Somos um empresa que pensa no Cliente e elevamos a qualidade de atendimento ao nivel maximo afim de solucionar aqueles problemas que geram muitos transtornos no seu dia a dia e que poderiam ser rapidamente solucionados com alguns minutos &hellip;<\/p>\n<p class=\"read-more\"> <a class=\"\" href=\"https:\/\/be.med.br\/\"> <span class=\"screen-reader-text\">Conhe\u00e7a a BeMed e o que ela faz<\/span> Read More &raquo;<\/a><\/p>\n","protected":false},"author":1,"featured_media":30,"parent":0,"menu_order":0,"comment_status":"closed","ping_status":"closed","template":"","meta":{"om_disable_all_campaigns":false,"_monsterinsights_skip_tracking":false,"_monsterinsights_sitenote_active":false,"_monsterinsights_sitenote_note":"","_monsterinsights_sitenote_category":0,"_uf_show_specific_survey":0,"_uf_disable_surveys":false,"site-sidebar-layout":"default","site-content-layout":"","ast-site-content-layout":"","site-content-style":"default","site-sidebar-style":"default","ast-global-header-display":"","ast-banner-title-visibility":"","ast-main-header-display":"","ast-hfb-above-header-display":"","ast-hfb-below-header-display":"","ast-hfb-mobile-header-display":"","site-post-title":"","ast-breadcrumbs-content":"","ast-featured-img":"","footer-sml-layout":"","theme-transparent-header-meta":"","adv-header-id-meta":"","stick-header-meta":"","header-above-stick-meta":"","header-main-stick-meta":"","header-below-stick-meta":"","astra-migrate-meta-layouts":"default","ast-page-background-enabled":"default","ast-page-background-meta":{"desktop":{"background-color":"var(--ast-global-color-4)","background-image":"","background-repeat":"repeat","background-position":"center center","background-size":"auto","background-attachment":"scroll","background-type":"","background-media":"","overlay-type":"","overlay-color":"","overlay-gradient":""},"tablet":{"background-color":"","background-image":"","background-repeat":"repeat","background-position":"center center","background-size":"auto","background-attachment":"scroll","background-type":"","background-media":"","overlay-type":"","overlay-color":"","overlay-gradient":""},"mobile":{"background-color":"","background-image":"","background-repeat":"repeat","background-position":"center center","background-size":"auto","background-attachment":"scroll","background-type":"","background-media":"","overlay-type":"","overlay-color":"","overlay-gradient":""}},"ast-content-background-meta":{"desktop":{"background-color":"var(--ast-global-color-5)","background-image":"","background-repeat":"repeat","background-position":"center center","background-size":"auto","background-attachment":"scroll","background-type":"","background-media":"","overlay-type":"","overlay-color":"","overlay-gradient":""},"tablet":{"background-color":"var(--ast-global-color-5)","background-image":"","background-repeat":"repeat","background-position":"center center","background-size":"auto","background-attachment":"scroll","background-type":"","background-media":"","overlay-type":"","overlay-color":"","overlay-gradient":""},"mobile":{"background-color":"var(--ast-global-color-5)","background-image":"","background-repeat":"repeat","background-position":"center center","background-size":"auto","background-attachment":"scroll","background-type":"","background-media":"","overlay-type":"","overlay-color":"","overlay-gradient":""}},"footnotes":""},"aioseo_notices":[],"_links":{"self":[{"href":"https:\/\/be.med.br\/index.php?rest_route=\/wp\/v2\/pages\/11"}],"collection":[{"href":"https:\/\/be.med.br\/index.php?rest_route=\/wp\/v2\/pages"}],"about":[{"href":"https:\/\/be.med.br\/index.php?rest_route=\/wp\/v2\/types\/page"}],"author":[{"embeddable":true,"href":"https:\/\/be.med.br\/index.php?rest_route=\/wp\/v2\/users\/1"}],"replies":[{"embeddable":true,"href":"https:\/\/be.med.br\/index.php?rest_route=%2Fwp%2Fv2%2Fcomments&post=11"}],"version-history":[{"count":7,"href":"https:\/\/be.med.br\/index.php?rest_route=\/wp\/v2\/pages\/11\/revisions"}],"predecessor-version":[{"id":83,"href":"https:\/\/be.med.br\/index.php?rest_route=\/wp\/v2\/pages\/11\/revisions\/83"}],"wp:featuredmedia":[{"embeddable":true,"href":"https:\/\/be.med.br\/index.php?rest_route=\/wp\/v2\/media\/30"}],"wp:attachment":[{"href":"https:\/\/be.med.br\/index.php?rest_route=%2Fwp%2Fv2%2Fmedia&parent=11"}],"curies":[{"name":"wp","href":"https:\/\/api.w.org\/{rel}","templated":true}]}}